{"id":4491,"date":"2025-01-24T16:43:37","date_gmt":"2025-01-24T16:43:37","guid":{"rendered":"https:\/\/www.hydro-thermal.com\/products\/sin categor\u00eda\/noh-calentador-sin-obstrucciones\/"},"modified":"2025-01-24T16:43:37","modified_gmt":"2025-01-24T16:43:37","slug":"noh-calentador-sin-obstrucciones","status":"publish","type":"product","link":"https:\/\/www.hydro-thermal.com\/es\/products\/calentadores-dsi-industriales\/noh-calentador-sin-obstrucciones\/","title":{"rendered":"NOH\u2122 (calentador sin obstrucciones)"},"excerpt":{"rendered":"<p><span style=\"font-weight: 400;\">El innovador dise\u00f1o de tubo recto del NOH de Hydro-Thermal permite un caudal sin restricciones, evita la ca\u00edda de presi\u00f3n y calienta lodos sin atascos ni incrustaciones. El dise\u00f1o robusto del NOH y sus materiales de construcci\u00f3n le permiten manejar materiales abrasivos, minimizando el desgaste de las piezas internas.<\/span><\/p>\n","protected":false},"featured_media":0,"comment_status":"closed","ping_status":"closed","template":"","meta":{"_acf_changed":false,"_relevanssi_hide_post":"","_relevanssi_hide_content":"","_relevanssi_pin_for_all":"","_relevanssi_pin_keywords":"","_relevanssi_unpin_keywords":"","_relevanssi_related_keywords":"","_relevanssi_related_include_ids":"","_relevanssi_related_exclude_ids":"","_relevanssi_related_no_append":"","_relevanssi_related_not_related":"","_relevanssi_related_posts":"","_relevanssi_noindex_reason":""},"product_brand":[],"product_cat":[107],"product_tag":[],"class_list":{"0":"post-4491","1":"product","2":"type-product","3":"status-publish","5":"product_cat-calentadores-dsi-industriales","7":"first","8":"instock","9":"shipping-taxable","10":"product-type-simple"},"acf":[],"yoast_head":"<!-- This site is optimized with the Yoast SEO Premium plugin v26.9 (Yoast SEO v27.2) - https:\/\/yoast.com\/product\/yoast-seo-premium-wordpress\/ -->\n<title>Calentadores NOH sin obstrucciones | Hydro-Thermal<\/title>\n<meta name=\"description\" content=\"El NOH de Hydro-Thermal, o calentador sin obstrucciones, ofrece un caudal sin restricciones, evita la ca\u00edda de presi\u00f3n y calienta lodos sin atascos ni incrustaciones. M\u00e1s informaci\u00f3n.\" \/>\n<meta name=\"robots\" content=\"index, follow, max-snippet:-1, max-image-preview:large, max-video-preview:-1\" \/>\n<link rel=\"canonical\" href=\"https:\/\/www.hydro-thermal.com\/es\/products\/calentadores-dsi-industriales\/noh-calentador-sin-obstrucciones\/\" \/>\n<meta property=\"og:locale\" content=\"es_ES\" \/>\n<meta property=\"og:type\" content=\"article\" \/>\n<meta property=\"og:title\" content=\"NOH\u2122 (calentador sin obstrucciones)\" \/>\n<meta property=\"og:description\" content=\"El NOH de Hydro-Thermal, o calentador sin obstrucciones, ofrece un caudal sin restricciones, evita la ca\u00edda de presi\u00f3n y calienta lodos sin atascos ni incrustaciones. M\u00e1s informaci\u00f3n.\" \/>\n<meta property=\"og:url\" content=\"https:\/\/www.hydro-thermal.com\/es\/products\/calentadores-dsi-industriales\/noh-calentador-sin-obstrucciones\/\" \/>\n<meta property=\"og:site_name\" content=\"Hydro-Thermal\" \/>\n<meta name=\"twitter:card\" content=\"summary_large_image\" \/>\n<script type=\"application\/ld+json\" class=\"yoast-schema-graph\">{\"@context\":\"https:\/\/schema.org\",\"@graph\":[{\"@type\":\"WebPage\",\"@id\":\"https:\/\/www.hydro-thermal.com\/es\/products\/calentadores-dsi-industriales\/noh-calentador-sin-obstrucciones\/\",\"url\":\"https:\/\/www.hydro-thermal.com\/es\/products\/calentadores-dsi-industriales\/noh-calentador-sin-obstrucciones\/\",\"name\":\"Calentadores NOH sin obstrucciones | Hydro-Thermal\",\"isPartOf\":{\"@id\":\"https:\/\/www.hydro-thermal.com\/es\/#website\"},\"datePublished\":\"2025-01-24T16:43:37+00:00\",\"description\":\"El NOH de Hydro-Thermal, o calentador sin obstrucciones, ofrece un caudal sin restricciones, evita la ca\u00edda de presi\u00f3n y calienta lodos sin atascos ni incrustaciones. M\u00e1s informaci\u00f3n.\",\"breadcrumb\":{\"@id\":\"https:\/\/www.hydro-thermal.com\/es\/products\/calentadores-dsi-industriales\/noh-calentador-sin-obstrucciones\/#breadcrumb\"},\"inLanguage\":\"es\",\"potentialAction\":[{\"@type\":\"ReadAction\",\"target\":[\"https:\/\/www.hydro-thermal.com\/es\/products\/calentadores-dsi-industriales\/noh-calentador-sin-obstrucciones\/\"]}]},{\"@type\":\"BreadcrumbList\",\"@id\":\"https:\/\/www.hydro-thermal.com\/es\/products\/calentadores-dsi-industriales\/noh-calentador-sin-obstrucciones\/#breadcrumb\",\"itemListElement\":[{\"@type\":\"ListItem\",\"position\":1,\"name\":\"Home\",\"item\":\"https:\/\/www.hydro-thermal.com\/es\/\"},{\"@type\":\"ListItem\",\"position\":2,\"name\":\"Tienda\",\"item\":\"https:\/\/www.hydro-thermal.com\/es\/tienda\/\"},{\"@type\":\"ListItem\",\"position\":3,\"name\":\"NOH\u2122 (calentador sin obstrucciones)\"}]},{\"@type\":\"WebSite\",\"@id\":\"https:\/\/www.hydro-thermal.com\/es\/#website\",\"url\":\"https:\/\/www.hydro-thermal.com\/es\/\",\"name\":\"Hydro-Thermal\",\"description\":\"\",\"publisher\":{\"@id\":\"https:\/\/www.hydro-thermal.com\/es\/#organization\"},\"potentialAction\":[{\"@type\":\"SearchAction\",\"target\":{\"@type\":\"EntryPoint\",\"urlTemplate\":\"https:\/\/www.hydro-thermal.com\/es\/?s={search_term_string}\"},\"query-input\":{\"@type\":\"PropertyValueSpecification\",\"valueRequired\":true,\"valueName\":\"search_term_string\"}}],\"inLanguage\":\"es\"},{\"@type\":\"Organization\",\"@id\":\"https:\/\/www.hydro-thermal.com\/es\/#organization\",\"name\":\"Hydro-Thermal\",\"url\":\"https:\/\/www.hydro-thermal.com\/es\/\",\"logo\":{\"@type\":\"ImageObject\",\"inLanguage\":\"es\",\"@id\":\"https:\/\/www.hydro-thermal.com\/es\/#\/schema\/logo\/image\/\",\"url\":\"https:\/\/www.hydro-thermal.com\/wp-content\/uploads\/2024\/07\/6e7ec6d295153d0a77cc65dcbaf7c57e-scaled.jpeg\",\"contentUrl\":\"https:\/\/www.hydro-thermal.com\/wp-content\/uploads\/2024\/07\/6e7ec6d295153d0a77cc65dcbaf7c57e-scaled.jpeg\",\"width\":2560,\"height\":755,\"caption\":\"Hydro-Thermal\"},\"image\":{\"@id\":\"https:\/\/www.hydro-thermal.com\/es\/#\/schema\/logo\/image\/\"},\"sameAs\":[\"https:\/\/www.linkedin.com\/company\/hydro-thermal-corporation\"]}]}<\/script>\n<!-- \/ Yoast SEO Premium plugin. -->","yoast_head_json":{"title":"Calentadores NOH sin obstrucciones | Hydro-Thermal","description":"El NOH de Hydro-Thermal, o calentador sin obstrucciones, ofrece un caudal sin restricciones, evita la ca\u00edda de presi\u00f3n y calienta lodos sin atascos ni incrustaciones. M\u00e1s informaci\u00f3n.","robots":{"index":"index","follow":"follow","max-snippet":"max-snippet:-1","max-image-preview":"max-image-preview:large","max-video-preview":"max-video-preview:-1"},"canonical":"https:\/\/www.hydro-thermal.com\/es\/products\/calentadores-dsi-industriales\/noh-calentador-sin-obstrucciones\/","og_locale":"es_ES","og_type":"article","og_title":"NOH\u2122 (calentador sin obstrucciones)","og_description":"El NOH de Hydro-Thermal, o calentador sin obstrucciones, ofrece un caudal sin restricciones, evita la ca\u00edda de presi\u00f3n y calienta lodos sin atascos ni incrustaciones. M\u00e1s informaci\u00f3n.","og_url":"https:\/\/www.hydro-thermal.com\/es\/products\/calentadores-dsi-industriales\/noh-calentador-sin-obstrucciones\/","og_site_name":"Hydro-Thermal","twitter_card":"summary_large_image","schema":{"@context":"https:\/\/schema.org","@graph":[{"@type":"WebPage","@id":"https:\/\/www.hydro-thermal.com\/es\/products\/calentadores-dsi-industriales\/noh-calentador-sin-obstrucciones\/","url":"https:\/\/www.hydro-thermal.com\/es\/products\/calentadores-dsi-industriales\/noh-calentador-sin-obstrucciones\/","name":"Calentadores NOH sin obstrucciones | Hydro-Thermal","isPartOf":{"@id":"https:\/\/www.hydro-thermal.com\/es\/#website"},"datePublished":"2025-01-24T16:43:37+00:00","description":"El NOH de Hydro-Thermal, o calentador sin obstrucciones, ofrece un caudal sin restricciones, evita la ca\u00edda de presi\u00f3n y calienta lodos sin atascos ni incrustaciones. M\u00e1s informaci\u00f3n.","breadcrumb":{"@id":"https:\/\/www.hydro-thermal.com\/es\/products\/calentadores-dsi-industriales\/noh-calentador-sin-obstrucciones\/#breadcrumb"},"inLanguage":"es","potentialAction":[{"@type":"ReadAction","target":["https:\/\/www.hydro-thermal.com\/es\/products\/calentadores-dsi-industriales\/noh-calentador-sin-obstrucciones\/"]}]},{"@type":"BreadcrumbList","@id":"https:\/\/www.hydro-thermal.com\/es\/products\/calentadores-dsi-industriales\/noh-calentador-sin-obstrucciones\/#breadcrumb","itemListElement":[{"@type":"ListItem","position":1,"name":"Home","item":"https:\/\/www.hydro-thermal.com\/es\/"},{"@type":"ListItem","position":2,"name":"Tienda","item":"https:\/\/www.hydro-thermal.com\/es\/tienda\/"},{"@type":"ListItem","position":3,"name":"NOH\u2122 (calentador sin obstrucciones)"}]},{"@type":"WebSite","@id":"https:\/\/www.hydro-thermal.com\/es\/#website","url":"https:\/\/www.hydro-thermal.com\/es\/","name":"Hydro-Thermal","description":"","publisher":{"@id":"https:\/\/www.hydro-thermal.com\/es\/#organization"},"potentialAction":[{"@type":"SearchAction","target":{"@type":"EntryPoint","urlTemplate":"https:\/\/www.hydro-thermal.com\/es\/?s={search_term_string}"},"query-input":{"@type":"PropertyValueSpecification","valueRequired":true,"valueName":"search_term_string"}}],"inLanguage":"es"},{"@type":"Organization","@id":"https:\/\/www.hydro-thermal.com\/es\/#organization","name":"Hydro-Thermal","url":"https:\/\/www.hydro-thermal.com\/es\/","logo":{"@type":"ImageObject","inLanguage":"es","@id":"https:\/\/www.hydro-thermal.com\/es\/#\/schema\/logo\/image\/","url":"https:\/\/www.hydro-thermal.com\/wp-content\/uploads\/2024\/07\/6e7ec6d295153d0a77cc65dcbaf7c57e-scaled.jpeg","contentUrl":"https:\/\/www.hydro-thermal.com\/wp-content\/uploads\/2024\/07\/6e7ec6d295153d0a77cc65dcbaf7c57e-scaled.jpeg","width":2560,"height":755,"caption":"Hydro-Thermal"},"image":{"@id":"https:\/\/www.hydro-thermal.com\/es\/#\/schema\/logo\/image\/"},"sameAs":["https:\/\/www.linkedin.com\/company\/hydro-thermal-corporation"]}]}},"jetpack_sharing_enabled":true,"_links":{"self":[{"href":"https:\/\/www.hydro-thermal.com\/es\/wp-json\/wp\/v2\/product\/4491","targetHints":{"allow":["GET"]}}],"collection":[{"href":"https:\/\/www.hydro-thermal.com\/es\/wp-json\/wp\/v2\/product"}],"about":[{"href":"https:\/\/www.hydro-thermal.com\/es\/wp-json\/wp\/v2\/types\/product"}],"replies":[{"embeddable":true,"href":"https:\/\/www.hydro-thermal.com\/es\/wp-json\/wp\/v2\/comments?post=4491"}],"wp:attachment":[{"href":"https:\/\/www.hydro-thermal.com\/es\/wp-json\/wp\/v2\/media?parent=4491"}],"wp:term":[{"taxonomy":"product_brand","embeddable":true,"href":"https:\/\/www.hydro-thermal.com\/es\/wp-json\/wp\/v2\/product_brand?post=4491"},{"taxonomy":"product_cat","embeddable":true,"href":"https:\/\/www.hydro-thermal.com\/es\/wp-json\/wp\/v2\/product_cat?post=4491"},{"taxonomy":"product_tag","embeddable":true,"href":"https:\/\/www.hydro-thermal.com\/es\/wp-json\/wp\/v2\/product_tag?post=4491"}],"curies":[{"name":"wp","href":"https:\/\/api.w.org\/{rel}","templated":true}]}}