{"id":4459,"date":"2025-01-24T18:51:18","date_gmt":"2025-01-24T18:51:18","guid":{"rendered":"https:\/\/www.hydro-thermal.com\/products\/sin categor\u00eda\/sistema-de-bastidor-personalizado-attec-process\/"},"modified":"2025-01-24T18:51:18","modified_gmt":"2025-01-24T18:51:18","slug":"sistema-de-bastidor-personalizado-attec-process","status":"publish","type":"product","link":"https:\/\/www.hydro-thermal.com\/es\/products\/calentadores-dsi-industriales\/sistema-de-bastidor-personalizado-attec-process\/","title":{"rendered":"Sistema de bastidor personalizado ATTEC\u00ae Process"},"excerpt":{"rendered":"<p><span style=\"font-weight: 400;\">El sistema de bastidor de proceso ATTEC<\/span><span style=\"font-weight: 400;\">\u00ae<\/span><span style=\"font-weight: 400;\"> es un sistema de bastidor de inyecci\u00f3n directa de vapor fabricado a medida y dise\u00f1ado para aplicaciones de calentamiento precisas. Cada sistema se dise\u00f1a seg\u00fan las necesidades espec\u00edficas de su proceso, incorporando un Hydroheater<\/span><span style=\"font-weight: 400;\">\u00ae<\/span><span style=\"font-weight: 400;\"> que garantiza una transferencia de calor r\u00e1pida y eficiente sin martilleo ni incrustaciones.<\/span><\/p>\n","protected":false},"featured_media":0,"comment_status":"closed","ping_status":"closed","template":"","meta":{"_acf_changed":false,"_relevanssi_hide_post":"","_relevanssi_hide_content":"","_relevanssi_pin_for_all":"","_relevanssi_pin_keywords":"","_relevanssi_unpin_keywords":"","_relevanssi_related_keywords":"","_relevanssi_related_include_ids":"","_relevanssi_related_exclude_ids":"","_relevanssi_related_no_append":"","_relevanssi_related_not_related":"","_relevanssi_related_posts":"","_relevanssi_noindex_reason":""},"product_brand":[],"product_cat":[107],"product_tag":[],"class_list":{"0":"post-4459","1":"product","2":"type-product","3":"status-publish","5":"product_cat-calentadores-dsi-industriales","7":"first","8":"instock","9":"shipping-taxable","10":"product-type-simple"},"acf":[],"yoast_head":"<!-- This site is optimized with the Yoast SEO Premium plugin v26.9 (Yoast SEO v27.2) - https:\/\/yoast.com\/product\/yoast-seo-premium-wordpress\/ -->\n<title>Sistemas de bastidor personalizados ATTEC Process | Hydro-Thermal<\/title>\n<meta name=\"description\" content=\"Los sistemas de bastidor ATTEC son unidades dise\u00f1adas a medida que utilizan la tecnolog\u00eda patentada de inyecci\u00f3n directa de vapor de Hydro-Thermal. Obtenga aqu\u00ed un nuevo sistema de bastidor ATTEC y asistencia t\u00e9cnica.\" \/>\n<meta name=\"robots\" content=\"index, follow, max-snippet:-1, max-image-preview:large, max-video-preview:-1\" \/>\n<link rel=\"canonical\" href=\"https:\/\/www.hydro-thermal.com\/es\/products\/calentadores-dsi-industriales\/sistema-de-bastidor-personalizado-attec-process\/\" \/>\n<meta property=\"og:locale\" content=\"es_ES\" \/>\n<meta property=\"og:type\" content=\"article\" \/>\n<meta property=\"og:title\" content=\"Sistema de bastidor personalizado ATTEC\u00ae Process\" \/>\n<meta property=\"og:description\" content=\"Los sistemas de bastidor ATTEC son unidades dise\u00f1adas a medida que utilizan la tecnolog\u00eda patentada de inyecci\u00f3n directa de vapor de Hydro-Thermal. Obtenga aqu\u00ed un nuevo sistema de bastidor ATTEC y asistencia t\u00e9cnica.\" \/>\n<meta property=\"og:url\" content=\"https:\/\/www.hydro-thermal.com\/es\/products\/calentadores-dsi-industriales\/sistema-de-bastidor-personalizado-attec-process\/\" \/>\n<meta property=\"og:site_name\" content=\"Hydro-Thermal\" \/>\n<meta name=\"twitter:card\" content=\"summary_large_image\" \/>\n<script type=\"application\/ld+json\" class=\"yoast-schema-graph\">{\"@context\":\"https:\/\/schema.org\",\"@graph\":[{\"@type\":\"WebPage\",\"@id\":\"https:\/\/www.hydro-thermal.com\/es\/products\/calentadores-dsi-industriales\/sistema-de-bastidor-personalizado-attec-process\/\",\"url\":\"https:\/\/www.hydro-thermal.com\/es\/products\/calentadores-dsi-industriales\/sistema-de-bastidor-personalizado-attec-process\/\",\"name\":\"Sistemas de bastidor personalizados ATTEC Process | Hydro-Thermal\",\"isPartOf\":{\"@id\":\"https:\/\/www.hydro-thermal.com\/es\/#website\"},\"datePublished\":\"2025-01-24T18:51:18+00:00\",\"description\":\"Los sistemas de bastidor ATTEC son unidades dise\u00f1adas a medida que utilizan la tecnolog\u00eda patentada de inyecci\u00f3n directa de vapor de Hydro-Thermal. Obtenga aqu\u00ed un nuevo sistema de bastidor ATTEC y asistencia t\u00e9cnica.\",\"breadcrumb\":{\"@id\":\"https:\/\/www.hydro-thermal.com\/es\/products\/calentadores-dsi-industriales\/sistema-de-bastidor-personalizado-attec-process\/#breadcrumb\"},\"inLanguage\":\"es\",\"potentialAction\":[{\"@type\":\"ReadAction\",\"target\":[\"https:\/\/www.hydro-thermal.com\/es\/products\/calentadores-dsi-industriales\/sistema-de-bastidor-personalizado-attec-process\/\"]}]},{\"@type\":\"BreadcrumbList\",\"@id\":\"https:\/\/www.hydro-thermal.com\/es\/products\/calentadores-dsi-industriales\/sistema-de-bastidor-personalizado-attec-process\/#breadcrumb\",\"itemListElement\":[{\"@type\":\"ListItem\",\"position\":1,\"name\":\"Home\",\"item\":\"https:\/\/www.hydro-thermal.com\/es\/inicio\/\"},{\"@type\":\"ListItem\",\"position\":2,\"name\":\"Tienda\",\"item\":\"https:\/\/www.hydro-thermal.com\/es\/tienda\/\"},{\"@type\":\"ListItem\",\"position\":3,\"name\":\"Sistema de bastidor personalizado ATTEC\u00ae Process\"}]},{\"@type\":\"WebSite\",\"@id\":\"https:\/\/www.hydro-thermal.com\/es\/#website\",\"url\":\"https:\/\/www.hydro-thermal.com\/es\/\",\"name\":\"Hydro-Thermal\",\"description\":\"\",\"publisher\":{\"@id\":\"https:\/\/www.hydro-thermal.com\/es\/#organization\"},\"potentialAction\":[{\"@type\":\"SearchAction\",\"target\":{\"@type\":\"EntryPoint\",\"urlTemplate\":\"https:\/\/www.hydro-thermal.com\/es\/?s={search_term_string}\"},\"query-input\":{\"@type\":\"PropertyValueSpecification\",\"valueRequired\":true,\"valueName\":\"search_term_string\"}}],\"inLanguage\":\"es\"},{\"@type\":\"Organization\",\"@id\":\"https:\/\/www.hydro-thermal.com\/es\/#organization\",\"name\":\"Hydro-Thermal\",\"url\":\"https:\/\/www.hydro-thermal.com\/es\/\",\"logo\":{\"@type\":\"ImageObject\",\"inLanguage\":\"es\",\"@id\":\"https:\/\/www.hydro-thermal.com\/es\/#\/schema\/logo\/image\/\",\"url\":\"https:\/\/www.hydro-thermal.com\/wp-content\/uploads\/2024\/07\/6e7ec6d295153d0a77cc65dcbaf7c57e-scaled.jpeg\",\"contentUrl\":\"https:\/\/www.hydro-thermal.com\/wp-content\/uploads\/2024\/07\/6e7ec6d295153d0a77cc65dcbaf7c57e-scaled.jpeg\",\"width\":2560,\"height\":755,\"caption\":\"Hydro-Thermal\"},\"image\":{\"@id\":\"https:\/\/www.hydro-thermal.com\/es\/#\/schema\/logo\/image\/\"},\"sameAs\":[\"https:\/\/www.linkedin.com\/company\/hydro-thermal-corporation\"]}]}<\/script>\n<!-- \/ Yoast SEO Premium plugin. -->","yoast_head_json":{"title":"Sistemas de bastidor personalizados ATTEC Process | Hydro-Thermal","description":"Los sistemas de bastidor ATTEC son unidades dise\u00f1adas a medida que utilizan la tecnolog\u00eda patentada de inyecci\u00f3n directa de vapor de Hydro-Thermal. Obtenga aqu\u00ed un nuevo sistema de bastidor ATTEC y asistencia t\u00e9cnica.","robots":{"index":"index","follow":"follow","max-snippet":"max-snippet:-1","max-image-preview":"max-image-preview:large","max-video-preview":"max-video-preview:-1"},"canonical":"https:\/\/www.hydro-thermal.com\/es\/products\/calentadores-dsi-industriales\/sistema-de-bastidor-personalizado-attec-process\/","og_locale":"es_ES","og_type":"article","og_title":"Sistema de bastidor personalizado ATTEC\u00ae Process","og_description":"Los sistemas de bastidor ATTEC son unidades dise\u00f1adas a medida que utilizan la tecnolog\u00eda patentada de inyecci\u00f3n directa de vapor de Hydro-Thermal. Obtenga aqu\u00ed un nuevo sistema de bastidor ATTEC y asistencia t\u00e9cnica.","og_url":"https:\/\/www.hydro-thermal.com\/es\/products\/calentadores-dsi-industriales\/sistema-de-bastidor-personalizado-attec-process\/","og_site_name":"Hydro-Thermal","twitter_card":"summary_large_image","schema":{"@context":"https:\/\/schema.org","@graph":[{"@type":"WebPage","@id":"https:\/\/www.hydro-thermal.com\/es\/products\/calentadores-dsi-industriales\/sistema-de-bastidor-personalizado-attec-process\/","url":"https:\/\/www.hydro-thermal.com\/es\/products\/calentadores-dsi-industriales\/sistema-de-bastidor-personalizado-attec-process\/","name":"Sistemas de bastidor personalizados ATTEC Process | Hydro-Thermal","isPartOf":{"@id":"https:\/\/www.hydro-thermal.com\/es\/#website"},"datePublished":"2025-01-24T18:51:18+00:00","description":"Los sistemas de bastidor ATTEC son unidades dise\u00f1adas a medida que utilizan la tecnolog\u00eda patentada de inyecci\u00f3n directa de vapor de Hydro-Thermal. Obtenga aqu\u00ed un nuevo sistema de bastidor ATTEC y asistencia t\u00e9cnica.","breadcrumb":{"@id":"https:\/\/www.hydro-thermal.com\/es\/products\/calentadores-dsi-industriales\/sistema-de-bastidor-personalizado-attec-process\/#breadcrumb"},"inLanguage":"es","potentialAction":[{"@type":"ReadAction","target":["https:\/\/www.hydro-thermal.com\/es\/products\/calentadores-dsi-industriales\/sistema-de-bastidor-personalizado-attec-process\/"]}]},{"@type":"BreadcrumbList","@id":"https:\/\/www.hydro-thermal.com\/es\/products\/calentadores-dsi-industriales\/sistema-de-bastidor-personalizado-attec-process\/#breadcrumb","itemListElement":[{"@type":"ListItem","position":1,"name":"Home","item":"https:\/\/www.hydro-thermal.com\/es\/inicio\/"},{"@type":"ListItem","position":2,"name":"Tienda","item":"https:\/\/www.hydro-thermal.com\/es\/tienda\/"},{"@type":"ListItem","position":3,"name":"Sistema de bastidor personalizado ATTEC\u00ae Process"}]},{"@type":"WebSite","@id":"https:\/\/www.hydro-thermal.com\/es\/#website","url":"https:\/\/www.hydro-thermal.com\/es\/","name":"Hydro-Thermal","description":"","publisher":{"@id":"https:\/\/www.hydro-thermal.com\/es\/#organization"},"potentialAction":[{"@type":"SearchAction","target":{"@type":"EntryPoint","urlTemplate":"https:\/\/www.hydro-thermal.com\/es\/?s={search_term_string}"},"query-input":{"@type":"PropertyValueSpecification","valueRequired":true,"valueName":"search_term_string"}}],"inLanguage":"es"},{"@type":"Organization","@id":"https:\/\/www.hydro-thermal.com\/es\/#organization","name":"Hydro-Thermal","url":"https:\/\/www.hydro-thermal.com\/es\/","logo":{"@type":"ImageObject","inLanguage":"es","@id":"https:\/\/www.hydro-thermal.com\/es\/#\/schema\/logo\/image\/","url":"https:\/\/www.hydro-thermal.com\/wp-content\/uploads\/2024\/07\/6e7ec6d295153d0a77cc65dcbaf7c57e-scaled.jpeg","contentUrl":"https:\/\/www.hydro-thermal.com\/wp-content\/uploads\/2024\/07\/6e7ec6d295153d0a77cc65dcbaf7c57e-scaled.jpeg","width":2560,"height":755,"caption":"Hydro-Thermal"},"image":{"@id":"https:\/\/www.hydro-thermal.com\/es\/#\/schema\/logo\/image\/"},"sameAs":["https:\/\/www.linkedin.com\/company\/hydro-thermal-corporation"]}]}},"jetpack_sharing_enabled":true,"_links":{"self":[{"href":"https:\/\/www.hydro-thermal.com\/es\/wp-json\/wp\/v2\/product\/4459","targetHints":{"allow":["GET"]}}],"collection":[{"href":"https:\/\/www.hydro-thermal.com\/es\/wp-json\/wp\/v2\/product"}],"about":[{"href":"https:\/\/www.hydro-thermal.com\/es\/wp-json\/wp\/v2\/types\/product"}],"replies":[{"embeddable":true,"href":"https:\/\/www.hydro-thermal.com\/es\/wp-json\/wp\/v2\/comments?post=4459"}],"wp:attachment":[{"href":"https:\/\/www.hydro-thermal.com\/es\/wp-json\/wp\/v2\/media?parent=4459"}],"wp:term":[{"taxonomy":"product_brand","embeddable":true,"href":"https:\/\/www.hydro-thermal.com\/es\/wp-json\/wp\/v2\/product_brand?post=4459"},{"taxonomy":"product_cat","embeddable":true,"href":"https:\/\/www.hydro-thermal.com\/es\/wp-json\/wp\/v2\/product_cat?post=4459"},{"taxonomy":"product_tag","embeddable":true,"href":"https:\/\/www.hydro-thermal.com\/es\/wp-json\/wp\/v2\/product_tag?post=4459"}],"curies":[{"name":"wp","href":"https:\/\/api.w.org\/{rel}","templated":true}]}}