{"id":4415,"date":"2025-02-25T21:49:42","date_gmt":"2025-02-25T21:49:42","guid":{"rendered":"https:\/\/www.hydro-thermal.com\/products\/sin categor\u00eda\/autopilot-autopilot-lite-co-pilot\/"},"modified":"2025-02-25T21:49:42","modified_gmt":"2025-02-25T21:49:42","slug":"autopilot-autopilot-lite-co-pilot","status":"publish","type":"product","link":"https:\/\/www.hydro-thermal.com\/es\/products\/calentadores-dsi-industriales\/autopilot-autopilot-lite-co-pilot\/","title":{"rendered":"Autopilot \/ Autopilot Lite \/ Co-Pilot"},"excerpt":{"rendered":"<p>El K6 Autopilot, Autopilot Lite y Co-Pilot son accesorios opcionales para los calentadores Hydro-Thermal.<\/p>\n","protected":false},"featured_media":0,"comment_status":"closed","ping_status":"closed","template":"","meta":{"_acf_changed":false,"_relevanssi_hide_post":"","_relevanssi_hide_content":"","_relevanssi_pin_for_all":"","_relevanssi_pin_keywords":"","_relevanssi_unpin_keywords":"","_relevanssi_related_keywords":"","_relevanssi_related_include_ids":"","_relevanssi_related_exclude_ids":"","_relevanssi_related_no_append":"","_relevanssi_related_not_related":"","_relevanssi_related_posts":"","_relevanssi_noindex_reason":""},"product_brand":[],"product_cat":[107],"product_tag":[],"class_list":{"0":"post-4415","1":"product","2":"type-product","3":"status-publish","5":"product_cat-calentadores-dsi-industriales","7":"first","8":"instock","9":"shipping-taxable","10":"product-type-simple"},"acf":[],"yoast_head":"<!-- This site is optimized with the Yoast SEO Premium plugin v26.9 (Yoast SEO v27.5) - https:\/\/yoast.com\/product\/yoast-seo-premium-wordpress\/ -->\n<title>Autopilot \/ Autopilot Lite \/ Co-Pilot - Hydro-Thermal<\/title>\n<meta name=\"description\" content=\"El K6 Autopilot, Autopilot Lite y Co-Pilot mantiene una ca\u00edda de presi\u00f3n constante mediante tecnolog\u00eda de flujo de producto. M\u00e1s informaci\u00f3n.\" \/>\n<meta name=\"robots\" content=\"index, follow, max-snippet:-1, max-image-preview:large, max-video-preview:-1\" \/>\n<link rel=\"canonical\" href=\"https:\/\/www.hydro-thermal.com\/es\/products\/calentadores-dsi-industriales\/autopilot-autopilot-lite-co-pilot\/\" \/>\n<meta property=\"og:locale\" content=\"es_ES\" \/>\n<meta property=\"og:type\" content=\"article\" \/>\n<meta property=\"og:title\" content=\"Autopilot \/ Autopilot Lite \/ Co-Pilot\" \/>\n<meta property=\"og:description\" content=\"El K6 Autopilot, Autopilot Lite y Co-Pilot mantiene una ca\u00edda de presi\u00f3n constante mediante tecnolog\u00eda de flujo de producto. M\u00e1s informaci\u00f3n.\" \/>\n<meta property=\"og:url\" content=\"https:\/\/www.hydro-thermal.com\/es\/products\/calentadores-dsi-industriales\/autopilot-autopilot-lite-co-pilot\/\" \/>\n<meta property=\"og:site_name\" content=\"Hydro-Thermal\" \/>\n<meta name=\"twitter:card\" content=\"summary_large_image\" \/>\n<script type=\"application\/ld+json\" class=\"yoast-schema-graph\">{\"@context\":\"https:\\\/\\\/schema.org\",\"@graph\":[{\"@type\":\"WebPage\",\"@id\":\"https:\\\/\\\/www.hydro-thermal.com\\\/es\\\/products\\\/calentadores-dsi-industriales\\\/autopilot-autopilot-lite-co-pilot\\\/\",\"url\":\"https:\\\/\\\/www.hydro-thermal.com\\\/es\\\/products\\\/calentadores-dsi-industriales\\\/autopilot-autopilot-lite-co-pilot\\\/\",\"name\":\"Autopilot \\\/ Autopilot Lite \\\/ Co-Pilot - Hydro-Thermal\",\"isPartOf\":{\"@id\":\"https:\\\/\\\/www.hydro-thermal.com\\\/es\\\/#website\"},\"datePublished\":\"2025-02-25T21:49:42+00:00\",\"description\":\"El K6 Autopilot, Autopilot Lite y Co-Pilot mantiene una ca\u00edda de presi\u00f3n constante mediante tecnolog\u00eda de flujo de producto. M\u00e1s informaci\u00f3n.\",\"breadcrumb\":{\"@id\":\"https:\\\/\\\/www.hydro-thermal.com\\\/es\\\/products\\\/calentadores-dsi-industriales\\\/autopilot-autopilot-lite-co-pilot\\\/#breadcrumb\"},\"inLanguage\":\"es\",\"potentialAction\":[{\"@type\":\"ReadAction\",\"target\":[\"https:\\\/\\\/www.hydro-thermal.com\\\/es\\\/products\\\/calentadores-dsi-industriales\\\/autopilot-autopilot-lite-co-pilot\\\/\"]}]},{\"@type\":\"BreadcrumbList\",\"@id\":\"https:\\\/\\\/www.hydro-thermal.com\\\/es\\\/products\\\/calentadores-dsi-industriales\\\/autopilot-autopilot-lite-co-pilot\\\/#breadcrumb\",\"itemListElement\":[{\"@type\":\"ListItem\",\"position\":1,\"name\":\"Home\",\"item\":\"https:\\\/\\\/www.hydro-thermal.com\\\/es\\\/inicio\\\/\"},{\"@type\":\"ListItem\",\"position\":2,\"name\":\"Tienda\",\"item\":\"https:\\\/\\\/www.hydro-thermal.com\\\/es\\\/tienda\\\/\"},{\"@type\":\"ListItem\",\"position\":3,\"name\":\"Autopilot \\\/ Autopilot Lite \\\/ Co-Pilot\"}]},{\"@type\":\"WebSite\",\"@id\":\"https:\\\/\\\/www.hydro-thermal.com\\\/es\\\/#website\",\"url\":\"https:\\\/\\\/www.hydro-thermal.com\\\/es\\\/\",\"name\":\"Hydro-Thermal\",\"description\":\"\",\"publisher\":{\"@id\":\"https:\\\/\\\/www.hydro-thermal.com\\\/es\\\/#organization\"},\"potentialAction\":[{\"@type\":\"SearchAction\",\"target\":{\"@type\":\"EntryPoint\",\"urlTemplate\":\"https:\\\/\\\/www.hydro-thermal.com\\\/es\\\/?s={search_term_string}\"},\"query-input\":{\"@type\":\"PropertyValueSpecification\",\"valueRequired\":true,\"valueName\":\"search_term_string\"}}],\"inLanguage\":\"es\"},{\"@type\":\"Organization\",\"@id\":\"https:\\\/\\\/www.hydro-thermal.com\\\/es\\\/#organization\",\"name\":\"Hydro-Thermal\",\"url\":\"https:\\\/\\\/www.hydro-thermal.com\\\/es\\\/\",\"logo\":{\"@type\":\"ImageObject\",\"inLanguage\":\"es\",\"@id\":\"https:\\\/\\\/www.hydro-thermal.com\\\/es\\\/#\\\/schema\\\/logo\\\/image\\\/\",\"url\":\"https:\\\/\\\/www.hydro-thermal.com\\\/wp-content\\\/uploads\\\/2024\\\/07\\\/6e7ec6d295153d0a77cc65dcbaf7c57e-scaled.jpeg\",\"contentUrl\":\"https:\\\/\\\/www.hydro-thermal.com\\\/wp-content\\\/uploads\\\/2024\\\/07\\\/6e7ec6d295153d0a77cc65dcbaf7c57e-scaled.jpeg\",\"width\":2560,\"height\":755,\"caption\":\"Hydro-Thermal\"},\"image\":{\"@id\":\"https:\\\/\\\/www.hydro-thermal.com\\\/es\\\/#\\\/schema\\\/logo\\\/image\\\/\"},\"sameAs\":[\"https:\\\/\\\/www.linkedin.com\\\/company\\\/hydro-thermal-corporation\"]}]}<\/script>\n<!-- \/ Yoast SEO Premium plugin. -->","yoast_head_json":{"title":"Autopilot \/ Autopilot Lite \/ Co-Pilot - Hydro-Thermal","description":"El K6 Autopilot, Autopilot Lite y Co-Pilot mantiene una ca\u00edda de presi\u00f3n constante mediante tecnolog\u00eda de flujo de producto. M\u00e1s informaci\u00f3n.","robots":{"index":"index","follow":"follow","max-snippet":"max-snippet:-1","max-image-preview":"max-image-preview:large","max-video-preview":"max-video-preview:-1"},"canonical":"https:\/\/www.hydro-thermal.com\/es\/products\/calentadores-dsi-industriales\/autopilot-autopilot-lite-co-pilot\/","og_locale":"es_ES","og_type":"article","og_title":"Autopilot \/ Autopilot Lite \/ Co-Pilot","og_description":"El K6 Autopilot, Autopilot Lite y Co-Pilot mantiene una ca\u00edda de presi\u00f3n constante mediante tecnolog\u00eda de flujo de producto. M\u00e1s informaci\u00f3n.","og_url":"https:\/\/www.hydro-thermal.com\/es\/products\/calentadores-dsi-industriales\/autopilot-autopilot-lite-co-pilot\/","og_site_name":"Hydro-Thermal","twitter_card":"summary_large_image","schema":{"@context":"https:\/\/schema.org","@graph":[{"@type":"WebPage","@id":"https:\/\/www.hydro-thermal.com\/es\/products\/calentadores-dsi-industriales\/autopilot-autopilot-lite-co-pilot\/","url":"https:\/\/www.hydro-thermal.com\/es\/products\/calentadores-dsi-industriales\/autopilot-autopilot-lite-co-pilot\/","name":"Autopilot \/ Autopilot Lite \/ Co-Pilot - Hydro-Thermal","isPartOf":{"@id":"https:\/\/www.hydro-thermal.com\/es\/#website"},"datePublished":"2025-02-25T21:49:42+00:00","description":"El K6 Autopilot, Autopilot Lite y Co-Pilot mantiene una ca\u00edda de presi\u00f3n constante mediante tecnolog\u00eda de flujo de producto. M\u00e1s informaci\u00f3n.","breadcrumb":{"@id":"https:\/\/www.hydro-thermal.com\/es\/products\/calentadores-dsi-industriales\/autopilot-autopilot-lite-co-pilot\/#breadcrumb"},"inLanguage":"es","potentialAction":[{"@type":"ReadAction","target":["https:\/\/www.hydro-thermal.com\/es\/products\/calentadores-dsi-industriales\/autopilot-autopilot-lite-co-pilot\/"]}]},{"@type":"BreadcrumbList","@id":"https:\/\/www.hydro-thermal.com\/es\/products\/calentadores-dsi-industriales\/autopilot-autopilot-lite-co-pilot\/#breadcrumb","itemListElement":[{"@type":"ListItem","position":1,"name":"Home","item":"https:\/\/www.hydro-thermal.com\/es\/inicio\/"},{"@type":"ListItem","position":2,"name":"Tienda","item":"https:\/\/www.hydro-thermal.com\/es\/tienda\/"},{"@type":"ListItem","position":3,"name":"Autopilot \/ Autopilot Lite \/ Co-Pilot"}]},{"@type":"WebSite","@id":"https:\/\/www.hydro-thermal.com\/es\/#website","url":"https:\/\/www.hydro-thermal.com\/es\/","name":"Hydro-Thermal","description":"","publisher":{"@id":"https:\/\/www.hydro-thermal.com\/es\/#organization"},"potentialAction":[{"@type":"SearchAction","target":{"@type":"EntryPoint","urlTemplate":"https:\/\/www.hydro-thermal.com\/es\/?s={search_term_string}"},"query-input":{"@type":"PropertyValueSpecification","valueRequired":true,"valueName":"search_term_string"}}],"inLanguage":"es"},{"@type":"Organization","@id":"https:\/\/www.hydro-thermal.com\/es\/#organization","name":"Hydro-Thermal","url":"https:\/\/www.hydro-thermal.com\/es\/","logo":{"@type":"ImageObject","inLanguage":"es","@id":"https:\/\/www.hydro-thermal.com\/es\/#\/schema\/logo\/image\/","url":"https:\/\/www.hydro-thermal.com\/wp-content\/uploads\/2024\/07\/6e7ec6d295153d0a77cc65dcbaf7c57e-scaled.jpeg","contentUrl":"https:\/\/www.hydro-thermal.com\/wp-content\/uploads\/2024\/07\/6e7ec6d295153d0a77cc65dcbaf7c57e-scaled.jpeg","width":2560,"height":755,"caption":"Hydro-Thermal"},"image":{"@id":"https:\/\/www.hydro-thermal.com\/es\/#\/schema\/logo\/image\/"},"sameAs":["https:\/\/www.linkedin.com\/company\/hydro-thermal-corporation"]}]}},"jetpack_sharing_enabled":true,"_links":{"self":[{"href":"https:\/\/www.hydro-thermal.com\/es\/wp-json\/wp\/v2\/product\/4415","targetHints":{"allow":["GET"]}}],"collection":[{"href":"https:\/\/www.hydro-thermal.com\/es\/wp-json\/wp\/v2\/product"}],"about":[{"href":"https:\/\/www.hydro-thermal.com\/es\/wp-json\/wp\/v2\/types\/product"}],"replies":[{"embeddable":true,"href":"https:\/\/www.hydro-thermal.com\/es\/wp-json\/wp\/v2\/comments?post=4415"}],"wp:attachment":[{"href":"https:\/\/www.hydro-thermal.com\/es\/wp-json\/wp\/v2\/media?parent=4415"}],"wp:term":[{"taxonomy":"product_brand","embeddable":true,"href":"https:\/\/www.hydro-thermal.com\/es\/wp-json\/wp\/v2\/product_brand?post=4415"},{"taxonomy":"product_cat","embeddable":true,"href":"https:\/\/www.hydro-thermal.com\/es\/wp-json\/wp\/v2\/product_cat?post=4415"},{"taxonomy":"product_tag","embeddable":true,"href":"https:\/\/www.hydro-thermal.com\/es\/wp-json\/wp\/v2\/product_tag?post=4415"}],"curies":[{"name":"wp","href":"https:\/\/api.w.org\/{rel}","templated":true}]}}