{"id":4634,"date":"2024-08-26T19:39:10","date_gmt":"2024-08-26T19:39:10","guid":{"rendered":"https:\/\/www.hydro-thermal.com\/inicio\/"},"modified":"2024-08-26T19:39:10","modified_gmt":"2024-08-26T19:39:10","slug":"inicio","status":"publish","type":"page","link":"https:\/\/www.hydro-thermal.com\/es\/inicio\/","title":{"rendered":"Inicio"},"content":{"rendered":"","protected":false},"excerpt":{"rendered":"","protected":false},"author":1,"featured_media":0,"parent":0,"menu_order":0,"comment_status":"closed","ping_status":"closed","template":"","meta":{"_acf_changed":false,"_relevanssi_hide_post":"","_relevanssi_hide_content":"","_relevanssi_pin_for_all":"","_relevanssi_pin_keywords":"","_relevanssi_unpin_keywords":"","_relevanssi_related_keywords":"","_relevanssi_related_include_ids":"","_relevanssi_related_exclude_ids":"","_relevanssi_related_no_append":"","_relevanssi_related_not_related":"","_relevanssi_related_posts":"","_relevanssi_noindex_reason":"","footnotes":""},"class_list":["post-4634","page","type-page","status-publish","hentry"],"acf":[],"yoast_head":"<!-- This site is optimized with the Yoast SEO Premium plugin v26.9 (Yoast SEO v27.2) - https:\/\/yoast.com\/product\/yoast-seo-premium-wordpress\/ -->\n<title>Hydro-Thermal | Sistemas fiables de calentamiento por inyecci\u00f3n de vapor<\/title>\n<meta name=\"description\" content=\"Los sistemas de calentamiento por inyecci\u00f3n directa de vapor de Hydro-Thermal mezclan vapor y l\u00edquidos de proceso, al tiempo que proporcionan un control de temperatura preciso y exacto.\" \/>\n<meta name=\"robots\" content=\"index, follow, max-snippet:-1, max-image-preview:large, max-video-preview:-1\" \/>\n<link rel=\"canonical\" href=\"https:\/\/www.hydro-thermal.com\/es\/inicio\/\" \/>\n<meta property=\"og:locale\" content=\"es_ES\" \/>\n<meta property=\"og:type\" content=\"article\" \/>\n<meta property=\"og:title\" content=\"Inicio\" \/>\n<meta property=\"og:description\" content=\"Los sistemas de calentamiento por inyecci\u00f3n directa de vapor de Hydro-Thermal mezclan vapor y l\u00edquidos de proceso, al tiempo que proporcionan un control de temperatura preciso y exacto.\" \/>\n<meta property=\"og:url\" content=\"https:\/\/www.hydro-thermal.com\/es\/inicio\/\" \/>\n<meta property=\"og:site_name\" content=\"Hydro-Thermal\" \/>\n<meta name=\"twitter:card\" content=\"summary_large_image\" \/>\n<script type=\"application\/ld+json\" class=\"yoast-schema-graph\">{\"@context\":\"https:\/\/schema.org\",\"@graph\":[{\"@type\":\"WebPage\",\"@id\":\"https:\/\/www.hydro-thermal.com\/es\/inicio\/\",\"url\":\"https:\/\/www.hydro-thermal.com\/es\/inicio\/\",\"name\":\"Hydro-Thermal | Sistemas fiables de calentamiento por inyecci\u00f3n de vapor\",\"isPartOf\":{\"@id\":\"https:\/\/www.hydro-thermal.com\/es\/#website\"},\"datePublished\":\"2024-08-26T19:39:10+00:00\",\"description\":\"Los sistemas de calentamiento por inyecci\u00f3n directa de vapor de Hydro-Thermal mezclan vapor y l\u00edquidos de proceso, al tiempo que proporcionan un control de temperatura preciso y exacto.\",\"breadcrumb\":{\"@id\":\"https:\/\/www.hydro-thermal.com\/es\/inicio\/#breadcrumb\"},\"inLanguage\":\"es\",\"potentialAction\":[{\"@type\":\"ReadAction\",\"target\":[\"https:\/\/www.hydro-thermal.com\/es\/inicio\/\"]}]},{\"@type\":\"BreadcrumbList\",\"@id\":\"https:\/\/www.hydro-thermal.com\/es\/inicio\/#breadcrumb\",\"itemListElement\":[{\"@type\":\"ListItem\",\"position\":1,\"name\":\"Home\",\"item\":\"https:\/\/www.hydro-thermal.com\/es\/\"},{\"@type\":\"ListItem\",\"position\":2,\"name\":\"Inicio\"}]},{\"@type\":\"WebSite\",\"@id\":\"https:\/\/www.hydro-thermal.com\/es\/#website\",\"url\":\"https:\/\/www.hydro-thermal.com\/es\/\",\"name\":\"Hydro-Thermal\",\"description\":\"\",\"publisher\":{\"@id\":\"https:\/\/www.hydro-thermal.com\/es\/#organization\"},\"potentialAction\":[{\"@type\":\"SearchAction\",\"target\":{\"@type\":\"EntryPoint\",\"urlTemplate\":\"https:\/\/www.hydro-thermal.com\/es\/?s={search_term_string}\"},\"query-input\":{\"@type\":\"PropertyValueSpecification\",\"valueRequired\":true,\"valueName\":\"search_term_string\"}}],\"inLanguage\":\"es\"},{\"@type\":\"Organization\",\"@id\":\"https:\/\/www.hydro-thermal.com\/es\/#organization\",\"name\":\"Hydro-Thermal\",\"url\":\"https:\/\/www.hydro-thermal.com\/es\/\",\"logo\":{\"@type\":\"ImageObject\",\"inLanguage\":\"es\",\"@id\":\"https:\/\/www.hydro-thermal.com\/es\/#\/schema\/logo\/image\/\",\"url\":\"https:\/\/www.hydro-thermal.com\/wp-content\/uploads\/2024\/07\/6e7ec6d295153d0a77cc65dcbaf7c57e-scaled.jpeg\",\"contentUrl\":\"https:\/\/www.hydro-thermal.com\/wp-content\/uploads\/2024\/07\/6e7ec6d295153d0a77cc65dcbaf7c57e-scaled.jpeg\",\"width\":2560,\"height\":755,\"caption\":\"Hydro-Thermal\"},\"image\":{\"@id\":\"https:\/\/www.hydro-thermal.com\/es\/#\/schema\/logo\/image\/\"},\"sameAs\":[\"https:\/\/www.linkedin.com\/company\/hydro-thermal-corporation\"]}]}<\/script>\n<!-- \/ Yoast SEO Premium plugin. -->","yoast_head_json":{"title":"Hydro-Thermal | Sistemas fiables de calentamiento por inyecci\u00f3n de vapor","description":"Los sistemas de calentamiento por inyecci\u00f3n directa de vapor de Hydro-Thermal mezclan vapor y l\u00edquidos de proceso, al tiempo que proporcionan un control de temperatura preciso y exacto.","robots":{"index":"index","follow":"follow","max-snippet":"max-snippet:-1","max-image-preview":"max-image-preview:large","max-video-preview":"max-video-preview:-1"},"canonical":"https:\/\/www.hydro-thermal.com\/es\/inicio\/","og_locale":"es_ES","og_type":"article","og_title":"Inicio","og_description":"Los sistemas de calentamiento por inyecci\u00f3n directa de vapor de Hydro-Thermal mezclan vapor y l\u00edquidos de proceso, al tiempo que proporcionan un control de temperatura preciso y exacto.","og_url":"https:\/\/www.hydro-thermal.com\/es\/inicio\/","og_site_name":"Hydro-Thermal","twitter_card":"summary_large_image","schema":{"@context":"https:\/\/schema.org","@graph":[{"@type":"WebPage","@id":"https:\/\/www.hydro-thermal.com\/es\/inicio\/","url":"https:\/\/www.hydro-thermal.com\/es\/inicio\/","name":"Hydro-Thermal | Sistemas fiables de calentamiento por inyecci\u00f3n de vapor","isPartOf":{"@id":"https:\/\/www.hydro-thermal.com\/es\/#website"},"datePublished":"2024-08-26T19:39:10+00:00","description":"Los sistemas de calentamiento por inyecci\u00f3n directa de vapor de Hydro-Thermal mezclan vapor y l\u00edquidos de proceso, al tiempo que proporcionan un control de temperatura preciso y exacto.","breadcrumb":{"@id":"https:\/\/www.hydro-thermal.com\/es\/inicio\/#breadcrumb"},"inLanguage":"es","potentialAction":[{"@type":"ReadAction","target":["https:\/\/www.hydro-thermal.com\/es\/inicio\/"]}]},{"@type":"BreadcrumbList","@id":"https:\/\/www.hydro-thermal.com\/es\/inicio\/#breadcrumb","itemListElement":[{"@type":"ListItem","position":1,"name":"Home","item":"https:\/\/www.hydro-thermal.com\/es\/"},{"@type":"ListItem","position":2,"name":"Inicio"}]},{"@type":"WebSite","@id":"https:\/\/www.hydro-thermal.com\/es\/#website","url":"https:\/\/www.hydro-thermal.com\/es\/","name":"Hydro-Thermal","description":"","publisher":{"@id":"https:\/\/www.hydro-thermal.com\/es\/#organization"},"potentialAction":[{"@type":"SearchAction","target":{"@type":"EntryPoint","urlTemplate":"https:\/\/www.hydro-thermal.com\/es\/?s={search_term_string}"},"query-input":{"@type":"PropertyValueSpecification","valueRequired":true,"valueName":"search_term_string"}}],"inLanguage":"es"},{"@type":"Organization","@id":"https:\/\/www.hydro-thermal.com\/es\/#organization","name":"Hydro-Thermal","url":"https:\/\/www.hydro-thermal.com\/es\/","logo":{"@type":"ImageObject","inLanguage":"es","@id":"https:\/\/www.hydro-thermal.com\/es\/#\/schema\/logo\/image\/","url":"https:\/\/www.hydro-thermal.com\/wp-content\/uploads\/2024\/07\/6e7ec6d295153d0a77cc65dcbaf7c57e-scaled.jpeg","contentUrl":"https:\/\/www.hydro-thermal.com\/wp-content\/uploads\/2024\/07\/6e7ec6d295153d0a77cc65dcbaf7c57e-scaled.jpeg","width":2560,"height":755,"caption":"Hydro-Thermal"},"image":{"@id":"https:\/\/www.hydro-thermal.com\/es\/#\/schema\/logo\/image\/"},"sameAs":["https:\/\/www.linkedin.com\/company\/hydro-thermal-corporation"]}]}},"jetpack_sharing_enabled":true,"_links":{"self":[{"href":"https:\/\/www.hydro-thermal.com\/es\/wp-json\/wp\/v2\/pages\/4634","targetHints":{"allow":["GET"]}}],"collection":[{"href":"https:\/\/www.hydro-thermal.com\/es\/wp-json\/wp\/v2\/pages"}],"about":[{"href":"https:\/\/www.hydro-thermal.com\/es\/wp-json\/wp\/v2\/types\/page"}],"author":[{"embeddable":true,"href":"https:\/\/www.hydro-thermal.com\/es\/wp-json\/wp\/v2\/users\/1"}],"replies":[{"embeddable":true,"href":"https:\/\/www.hydro-thermal.com\/es\/wp-json\/wp\/v2\/comments?post=4634"}],"version-history":[{"count":0,"href":"https:\/\/www.hydro-thermal.com\/es\/wp-json\/wp\/v2\/pages\/4634\/revisions"}],"wp:attachment":[{"href":"https:\/\/www.hydro-thermal.com\/es\/wp-json\/wp\/v2\/media?parent=4634"}],"curies":[{"name":"wp","href":"https:\/\/api.w.org\/{rel}","templated":true}]}}