{"id":4376,"date":"2024-12-20T16:48:09","date_gmt":"2024-12-20T16:48:09","guid":{"rendered":"https:\/\/www.hydro-thermal.com\/alternativas-a-la-leche\/"},"modified":"2026-04-16T17:04:52","modified_gmt":"2026-04-16T17:04:52","slug":"alternativas-a-la-leche","status":"publish","type":"page","link":"https:\/\/www.hydro-thermal.com\/es\/bebidas\/alternativas-a-la-leche\/","title":{"rendered":"Alternativas a la leche"},"content":{"rendered":"","protected":false},"excerpt":{"rendered":"","protected":false},"author":1,"featured_media":4377,"parent":4643,"menu_order":0,"comment_status":"closed","ping_status":"closed","template":"","meta":{"_acf_changed":false,"_relevanssi_hide_post":"","_relevanssi_hide_content":"","_relevanssi_pin_for_all":"","_relevanssi_pin_keywords":"","_relevanssi_unpin_keywords":"","_relevanssi_related_keywords":"","_relevanssi_related_include_ids":"","_relevanssi_related_exclude_ids":"","_relevanssi_related_no_append":"","_relevanssi_related_not_related":"","_relevanssi_related_posts":"","_relevanssi_noindex_reason":"","footnotes":""},"class_list":["post-4376","page","type-page","status-publish","has-post-thumbnail","hentry"],"acf":[],"yoast_head":"<!-- This site is optimized with the Yoast SEO Premium plugin v26.9 (Yoast SEO v27.2) - https:\/\/yoast.com\/product\/yoast-seo-premium-wordpress\/ -->\n<title>Inyecci\u00f3n de vapor para el procesamiento de bebidas | Alternativas a la leche | Hydro-Thermal<\/title>\n<meta name=\"description\" content=\"Descubra c\u00f3mo la inyecci\u00f3n directa de vapor ofrece ventajas significativas frente a los intercambiadores de calor tradicionales o los m\u00e9todos de calentamiento indirecto para el procesamiento de alternativas a la leche, como las bebidas de almendra, soja, avena y coco.\" \/>\n<meta name=\"robots\" content=\"index, follow, max-snippet:-1, max-image-preview:large, max-video-preview:-1\" \/>\n<link rel=\"canonical\" href=\"https:\/\/www.hydro-thermal.com\/es\/bebidas\/alternativas-a-la-leche\/\" \/>\n<meta property=\"og:locale\" content=\"es_ES\" \/>\n<meta property=\"og:type\" content=\"article\" \/>\n<meta property=\"og:title\" content=\"Alternativas a la leche\" \/>\n<meta property=\"og:description\" content=\"Descubra c\u00f3mo la inyecci\u00f3n directa de vapor ofrece ventajas significativas frente a los intercambiadores de calor tradicionales o los m\u00e9todos de calentamiento indirecto para el procesamiento de alternativas a la leche, como las bebidas de almendra, soja, avena y coco.\" \/>\n<meta property=\"og:url\" content=\"https:\/\/www.hydro-thermal.com\/es\/bebidas\/alternativas-a-la-leche\/\" \/>\n<meta property=\"og:site_name\" content=\"Hydro-Thermal\" \/>\n<meta property=\"article:modified_time\" content=\"2026-04-16T17:04:52+00:00\" \/>\n<meta property=\"og:image\" content=\"https:\/\/www.hydro-thermal.com\/wp-content\/uploads\/2025\/01\/milk-alt-teaser.jpg\" \/>\n\t<meta property=\"og:image:width\" content=\"960\" \/>\n\t<meta property=\"og:image:height\" content=\"640\" \/>\n\t<meta property=\"og:image:type\" content=\"image\/jpeg\" \/>\n<meta name=\"twitter:card\" content=\"summary_large_image\" \/>\n<script type=\"application\/ld+json\" class=\"yoast-schema-graph\">{\"@context\":\"https:\/\/schema.org\",\"@graph\":[{\"@type\":\"WebPage\",\"@id\":\"https:\/\/www.hydro-thermal.com\/es\/bebidas\/alternativas-a-la-leche\/\",\"url\":\"https:\/\/www.hydro-thermal.com\/es\/bebidas\/alternativas-a-la-leche\/\",\"name\":\"Inyecci\u00f3n de vapor para el procesamiento de bebidas | Alternativas a la leche | Hydro-Thermal\",\"isPartOf\":{\"@id\":\"https:\/\/www.hydro-thermal.com\/es\/#website\"},\"primaryImageOfPage\":{\"@id\":\"https:\/\/www.hydro-thermal.com\/es\/bebidas\/alternativas-a-la-leche\/#primaryimage\"},\"image\":{\"@id\":\"https:\/\/www.hydro-thermal.com\/es\/bebidas\/alternativas-a-la-leche\/#primaryimage\"},\"thumbnailUrl\":\"https:\/\/www.hydro-thermal.com\/wp-content\/uploads\/2025\/01\/milk-alt-teaser.jpg\",\"datePublished\":\"2024-12-20T16:48:09+00:00\",\"dateModified\":\"2026-04-16T17:04:52+00:00\",\"description\":\"Descubra c\u00f3mo la inyecci\u00f3n directa de vapor ofrece ventajas significativas frente a los intercambiadores de calor tradicionales o los m\u00e9todos de calentamiento indirecto para el procesamiento de alternativas a la leche, como las bebidas de almendra, soja, avena y coco.\",\"breadcrumb\":{\"@id\":\"https:\/\/www.hydro-thermal.com\/es\/bebidas\/alternativas-a-la-leche\/#breadcrumb\"},\"inLanguage\":\"es\",\"potentialAction\":[{\"@type\":\"ReadAction\",\"target\":[\"https:\/\/www.hydro-thermal.com\/es\/bebidas\/alternativas-a-la-leche\/\"]}]},{\"@type\":\"ImageObject\",\"inLanguage\":\"es\",\"@id\":\"https:\/\/www.hydro-thermal.com\/es\/bebidas\/alternativas-a-la-leche\/#primaryimage\",\"url\":\"https:\/\/www.hydro-thermal.com\/wp-content\/uploads\/2025\/01\/milk-alt-teaser.jpg\",\"contentUrl\":\"https:\/\/www.hydro-thermal.com\/wp-content\/uploads\/2025\/01\/milk-alt-teaser.jpg\",\"width\":960,\"height\":640},{\"@type\":\"BreadcrumbList\",\"@id\":\"https:\/\/www.hydro-thermal.com\/es\/bebidas\/alternativas-a-la-leche\/#breadcrumb\",\"itemListElement\":[{\"@type\":\"ListItem\",\"position\":1,\"name\":\"Home\",\"item\":\"https:\/\/www.hydro-thermal.com\/es\/inicio\/\"},{\"@type\":\"ListItem\",\"position\":2,\"name\":\"Bebida\",\"item\":\"https:\/\/www.hydro-thermal.com\/es\/bebidas\/\"},{\"@type\":\"ListItem\",\"position\":3,\"name\":\"Alternativas a la leche\"}]},{\"@type\":\"WebSite\",\"@id\":\"https:\/\/www.hydro-thermal.com\/es\/#website\",\"url\":\"https:\/\/www.hydro-thermal.com\/es\/\",\"name\":\"Hydro-Thermal\",\"description\":\"\",\"publisher\":{\"@id\":\"https:\/\/www.hydro-thermal.com\/es\/#organization\"},\"potentialAction\":[{\"@type\":\"SearchAction\",\"target\":{\"@type\":\"EntryPoint\",\"urlTemplate\":\"https:\/\/www.hydro-thermal.com\/es\/?s={search_term_string}\"},\"query-input\":{\"@type\":\"PropertyValueSpecification\",\"valueRequired\":true,\"valueName\":\"search_term_string\"}}],\"inLanguage\":\"es\"},{\"@type\":\"Organization\",\"@id\":\"https:\/\/www.hydro-thermal.com\/es\/#organization\",\"name\":\"Hydro-Thermal\",\"url\":\"https:\/\/www.hydro-thermal.com\/es\/\",\"logo\":{\"@type\":\"ImageObject\",\"inLanguage\":\"es\",\"@id\":\"https:\/\/www.hydro-thermal.com\/es\/#\/schema\/logo\/image\/\",\"url\":\"https:\/\/www.hydro-thermal.com\/wp-content\/uploads\/2024\/07\/6e7ec6d295153d0a77cc65dcbaf7c57e-scaled.jpeg\",\"contentUrl\":\"https:\/\/www.hydro-thermal.com\/wp-content\/uploads\/2024\/07\/6e7ec6d295153d0a77cc65dcbaf7c57e-scaled.jpeg\",\"width\":2560,\"height\":755,\"caption\":\"Hydro-Thermal\"},\"image\":{\"@id\":\"https:\/\/www.hydro-thermal.com\/es\/#\/schema\/logo\/image\/\"},\"sameAs\":[\"https:\/\/www.linkedin.com\/company\/hydro-thermal-corporation\"]}]}<\/script>\n<!-- \/ Yoast SEO Premium plugin. -->","yoast_head_json":{"title":"Inyecci\u00f3n de vapor para el procesamiento de bebidas | Alternativas a la leche | Hydro-Thermal","description":"Descubra c\u00f3mo la inyecci\u00f3n directa de vapor ofrece ventajas significativas frente a los intercambiadores de calor tradicionales o los m\u00e9todos de calentamiento indirecto para el procesamiento de alternativas a la leche, como las bebidas de almendra, soja, avena y coco.","robots":{"index":"index","follow":"follow","max-snippet":"max-snippet:-1","max-image-preview":"max-image-preview:large","max-video-preview":"max-video-preview:-1"},"canonical":"https:\/\/www.hydro-thermal.com\/es\/bebidas\/alternativas-a-la-leche\/","og_locale":"es_ES","og_type":"article","og_title":"Alternativas a la leche","og_description":"Descubra c\u00f3mo la inyecci\u00f3n directa de vapor ofrece ventajas significativas frente a los intercambiadores de calor tradicionales o los m\u00e9todos de calentamiento indirecto para el procesamiento de alternativas a la leche, como las bebidas de almendra, soja, avena y coco.","og_url":"https:\/\/www.hydro-thermal.com\/es\/bebidas\/alternativas-a-la-leche\/","og_site_name":"Hydro-Thermal","article_modified_time":"2026-04-16T17:04:52+00:00","og_image":[{"width":960,"height":640,"url":"https:\/\/www.hydro-thermal.com\/wp-content\/uploads\/2025\/01\/milk-alt-teaser.jpg","type":"image\/jpeg"}],"twitter_card":"summary_large_image","schema":{"@context":"https:\/\/schema.org","@graph":[{"@type":"WebPage","@id":"https:\/\/www.hydro-thermal.com\/es\/bebidas\/alternativas-a-la-leche\/","url":"https:\/\/www.hydro-thermal.com\/es\/bebidas\/alternativas-a-la-leche\/","name":"Inyecci\u00f3n de vapor para el procesamiento de bebidas | Alternativas a la leche | Hydro-Thermal","isPartOf":{"@id":"https:\/\/www.hydro-thermal.com\/es\/#website"},"primaryImageOfPage":{"@id":"https:\/\/www.hydro-thermal.com\/es\/bebidas\/alternativas-a-la-leche\/#primaryimage"},"image":{"@id":"https:\/\/www.hydro-thermal.com\/es\/bebidas\/alternativas-a-la-leche\/#primaryimage"},"thumbnailUrl":"https:\/\/www.hydro-thermal.com\/wp-content\/uploads\/2025\/01\/milk-alt-teaser.jpg","datePublished":"2024-12-20T16:48:09+00:00","dateModified":"2026-04-16T17:04:52+00:00","description":"Descubra c\u00f3mo la inyecci\u00f3n directa de vapor ofrece ventajas significativas frente a los intercambiadores de calor tradicionales o los m\u00e9todos de calentamiento indirecto para el procesamiento de alternativas a la leche, como las bebidas de almendra, soja, avena y coco.","breadcrumb":{"@id":"https:\/\/www.hydro-thermal.com\/es\/bebidas\/alternativas-a-la-leche\/#breadcrumb"},"inLanguage":"es","potentialAction":[{"@type":"ReadAction","target":["https:\/\/www.hydro-thermal.com\/es\/bebidas\/alternativas-a-la-leche\/"]}]},{"@type":"ImageObject","inLanguage":"es","@id":"https:\/\/www.hydro-thermal.com\/es\/bebidas\/alternativas-a-la-leche\/#primaryimage","url":"https:\/\/www.hydro-thermal.com\/wp-content\/uploads\/2025\/01\/milk-alt-teaser.jpg","contentUrl":"https:\/\/www.hydro-thermal.com\/wp-content\/uploads\/2025\/01\/milk-alt-teaser.jpg","width":960,"height":640},{"@type":"BreadcrumbList","@id":"https:\/\/www.hydro-thermal.com\/es\/bebidas\/alternativas-a-la-leche\/#breadcrumb","itemListElement":[{"@type":"ListItem","position":1,"name":"Home","item":"https:\/\/www.hydro-thermal.com\/es\/inicio\/"},{"@type":"ListItem","position":2,"name":"Bebida","item":"https:\/\/www.hydro-thermal.com\/es\/bebidas\/"},{"@type":"ListItem","position":3,"name":"Alternativas a la leche"}]},{"@type":"WebSite","@id":"https:\/\/www.hydro-thermal.com\/es\/#website","url":"https:\/\/www.hydro-thermal.com\/es\/","name":"Hydro-Thermal","description":"","publisher":{"@id":"https:\/\/www.hydro-thermal.com\/es\/#organization"},"potentialAction":[{"@type":"SearchAction","target":{"@type":"EntryPoint","urlTemplate":"https:\/\/www.hydro-thermal.com\/es\/?s={search_term_string}"},"query-input":{"@type":"PropertyValueSpecification","valueRequired":true,"valueName":"search_term_string"}}],"inLanguage":"es"},{"@type":"Organization","@id":"https:\/\/www.hydro-thermal.com\/es\/#organization","name":"Hydro-Thermal","url":"https:\/\/www.hydro-thermal.com\/es\/","logo":{"@type":"ImageObject","inLanguage":"es","@id":"https:\/\/www.hydro-thermal.com\/es\/#\/schema\/logo\/image\/","url":"https:\/\/www.hydro-thermal.com\/wp-content\/uploads\/2024\/07\/6e7ec6d295153d0a77cc65dcbaf7c57e-scaled.jpeg","contentUrl":"https:\/\/www.hydro-thermal.com\/wp-content\/uploads\/2024\/07\/6e7ec6d295153d0a77cc65dcbaf7c57e-scaled.jpeg","width":2560,"height":755,"caption":"Hydro-Thermal"},"image":{"@id":"https:\/\/www.hydro-thermal.com\/es\/#\/schema\/logo\/image\/"},"sameAs":["https:\/\/www.linkedin.com\/company\/hydro-thermal-corporation"]}]}},"jetpack_sharing_enabled":true,"_links":{"self":[{"href":"https:\/\/www.hydro-thermal.com\/es\/wp-json\/wp\/v2\/pages\/4376","targetHints":{"allow":["GET"]}}],"collection":[{"href":"https:\/\/www.hydro-thermal.com\/es\/wp-json\/wp\/v2\/pages"}],"about":[{"href":"https:\/\/www.hydro-thermal.com\/es\/wp-json\/wp\/v2\/types\/page"}],"author":[{"embeddable":true,"href":"https:\/\/www.hydro-thermal.com\/es\/wp-json\/wp\/v2\/users\/1"}],"replies":[{"embeddable":true,"href":"https:\/\/www.hydro-thermal.com\/es\/wp-json\/wp\/v2\/comments?post=4376"}],"version-history":[{"count":1,"href":"https:\/\/www.hydro-thermal.com\/es\/wp-json\/wp\/v2\/pages\/4376\/revisions"}],"predecessor-version":[{"id":4646,"href":"https:\/\/www.hydro-thermal.com\/es\/wp-json\/wp\/v2\/pages\/4376\/revisions\/4646"}],"up":[{"embeddable":true,"href":"https:\/\/www.hydro-thermal.com\/es\/wp-json\/wp\/v2\/pages\/4643"}],"wp:featuredmedia":[{"embeddable":true,"href":"https:\/\/www.hydro-thermal.com\/es\/wp-json\/wp\/v2\/media\/4377"}],"wp:attachment":[{"href":"https:\/\/www.hydro-thermal.com\/es\/wp-json\/wp\/v2\/media?parent=4376"}],"curies":[{"name":"wp","href":"https:\/\/api.w.org\/{rel}","templated":true}]}}