{"id":4289,"date":"2025-02-04T20:28:13","date_gmt":"2025-02-04T20:28:13","guid":{"rendered":"https:\/\/www.hydro-thermal.com\/procesos\/calentamiento-de-agua\/"},"modified":"2025-02-04T20:28:13","modified_gmt":"2025-02-04T20:28:13","slug":"calentamiento-de-agua","status":"publish","type":"page","link":"https:\/\/www.hydro-thermal.com\/es\/procesos\/calentamiento-de-agua\/","title":{"rendered":"Calentamiento de agua"},"content":{"rendered":"","protected":false},"excerpt":{"rendered":"","protected":false},"author":1,"featured_media":4240,"parent":4280,"menu_order":0,"comment_status":"closed","ping_status":"closed","template":"","meta":{"_acf_changed":false,"_relevanssi_hide_post":"","_relevanssi_hide_content":"","_relevanssi_pin_for_all":"","_relevanssi_pin_keywords":"","_relevanssi_unpin_keywords":"","_relevanssi_related_keywords":"","_relevanssi_related_include_ids":"","_relevanssi_related_exclude_ids":"","_relevanssi_related_no_append":"","_relevanssi_related_not_related":"","_relevanssi_related_posts":"","_relevanssi_noindex_reason":"","footnotes":""},"class_list":["post-4289","page","type-page","status-publish","has-post-thumbnail","hentry"],"acf":[],"yoast_head":"<!-- This site is optimized with the Yoast SEO Premium plugin v26.9 (Yoast SEO v27.2) - https:\/\/yoast.com\/product\/yoast-seo-premium-wordpress\/ -->\n<title>Calentamiento de agua - Hydro-Thermal<\/title>\n<meta name=\"description\" content=\"El calentamiento de agua general es fundamental en m\u00faltiples industrias, desde el procesamiento de alimentos y bebidas hasta la producci\u00f3n qu\u00edmica y la fabricaci\u00f3n farmac\u00e9utica. Descubra c\u00f3mo los calentadores de inyecci\u00f3n directa de vapor (DSI) de Hydro-Thermal ofrecen una soluci\u00f3n fiable y rentable.\" \/>\n<meta name=\"robots\" content=\"index, follow, max-snippet:-1, max-image-preview:large, max-video-preview:-1\" \/>\n<link rel=\"canonical\" href=\"https:\/\/www.hydro-thermal.com\/es\/procesos\/calentamiento-de-agua\/\" \/>\n<meta property=\"og:locale\" content=\"es_ES\" \/>\n<meta property=\"og:type\" content=\"article\" \/>\n<meta property=\"og:title\" content=\"Calentamiento de agua\" \/>\n<meta property=\"og:description\" content=\"El calentamiento de agua general es fundamental en m\u00faltiples industrias, desde el procesamiento de alimentos y bebidas hasta la producci\u00f3n qu\u00edmica y la fabricaci\u00f3n farmac\u00e9utica. Descubra c\u00f3mo los calentadores de inyecci\u00f3n directa de vapor (DSI) de Hydro-Thermal ofrecen una soluci\u00f3n fiable y rentable.\" \/>\n<meta property=\"og:url\" content=\"https:\/\/www.hydro-thermal.com\/es\/procesos\/calentamiento-de-agua\/\" \/>\n<meta property=\"og:site_name\" content=\"Hydro-Thermal\" \/>\n<meta property=\"og:image\" content=\"https:\/\/www.hydro-thermal.com\/wp-content\/uploads\/2025\/02\/steam3-teaser.jpg\" \/>\n\t<meta property=\"og:image:width\" content=\"960\" \/>\n\t<meta property=\"og:image:height\" content=\"640\" \/>\n\t<meta property=\"og:image:type\" content=\"image\/jpeg\" \/>\n<meta name=\"twitter:card\" content=\"summary_large_image\" \/>\n<script type=\"application\/ld+json\" class=\"yoast-schema-graph\">{\"@context\":\"https:\/\/schema.org\",\"@graph\":[{\"@type\":\"WebPage\",\"@id\":\"https:\/\/www.hydro-thermal.com\/es\/procesos\/calentamiento-de-agua\/\",\"url\":\"https:\/\/www.hydro-thermal.com\/es\/procesos\/calentamiento-de-agua\/\",\"name\":\"Calentamiento de agua - Hydro-Thermal\",\"isPartOf\":{\"@id\":\"https:\/\/www.hydro-thermal.com\/es\/#website\"},\"primaryImageOfPage\":{\"@id\":\"https:\/\/www.hydro-thermal.com\/es\/procesos\/calentamiento-de-agua\/#primaryimage\"},\"image\":{\"@id\":\"https:\/\/www.hydro-thermal.com\/es\/procesos\/calentamiento-de-agua\/#primaryimage\"},\"thumbnailUrl\":\"https:\/\/www.hydro-thermal.com\/wp-content\/uploads\/2025\/02\/steam3-teaser.jpg\",\"datePublished\":\"2025-02-04T20:28:13+00:00\",\"description\":\"El calentamiento de agua general es fundamental en m\u00faltiples industrias, desde el procesamiento de alimentos y bebidas hasta la producci\u00f3n qu\u00edmica y la fabricaci\u00f3n farmac\u00e9utica. Descubra c\u00f3mo los calentadores de inyecci\u00f3n directa de vapor (DSI) de Hydro-Thermal ofrecen una soluci\u00f3n fiable y rentable.\",\"breadcrumb\":{\"@id\":\"https:\/\/www.hydro-thermal.com\/es\/procesos\/calentamiento-de-agua\/#breadcrumb\"},\"inLanguage\":\"es\",\"potentialAction\":[{\"@type\":\"ReadAction\",\"target\":[\"https:\/\/www.hydro-thermal.com\/es\/procesos\/calentamiento-de-agua\/\"]}]},{\"@type\":\"ImageObject\",\"inLanguage\":\"es\",\"@id\":\"https:\/\/www.hydro-thermal.com\/es\/procesos\/calentamiento-de-agua\/#primaryimage\",\"url\":\"https:\/\/www.hydro-thermal.com\/wp-content\/uploads\/2025\/02\/steam3-teaser.jpg\",\"contentUrl\":\"https:\/\/www.hydro-thermal.com\/wp-content\/uploads\/2025\/02\/steam3-teaser.jpg\",\"width\":960,\"height\":640},{\"@type\":\"BreadcrumbList\",\"@id\":\"https:\/\/www.hydro-thermal.com\/es\/procesos\/calentamiento-de-agua\/#breadcrumb\",\"itemListElement\":[{\"@type\":\"ListItem\",\"position\":1,\"name\":\"Home\",\"item\":\"https:\/\/www.hydro-thermal.com\/es\/\"},{\"@type\":\"ListItem\",\"position\":2,\"name\":\"Procesos\",\"item\":\"https:\/\/www.hydro-thermal.com\/es\/procesos\/\"},{\"@type\":\"ListItem\",\"position\":3,\"name\":\"Calentamiento de agua\"}]},{\"@type\":\"WebSite\",\"@id\":\"https:\/\/www.hydro-thermal.com\/es\/#website\",\"url\":\"https:\/\/www.hydro-thermal.com\/es\/\",\"name\":\"Hydro-Thermal\",\"description\":\"\",\"publisher\":{\"@id\":\"https:\/\/www.hydro-thermal.com\/es\/#organization\"},\"potentialAction\":[{\"@type\":\"SearchAction\",\"target\":{\"@type\":\"EntryPoint\",\"urlTemplate\":\"https:\/\/www.hydro-thermal.com\/es\/?s={search_term_string}\"},\"query-input\":{\"@type\":\"PropertyValueSpecification\",\"valueRequired\":true,\"valueName\":\"search_term_string\"}}],\"inLanguage\":\"es\"},{\"@type\":\"Organization\",\"@id\":\"https:\/\/www.hydro-thermal.com\/es\/#organization\",\"name\":\"Hydro-Thermal\",\"url\":\"https:\/\/www.hydro-thermal.com\/es\/\",\"logo\":{\"@type\":\"ImageObject\",\"inLanguage\":\"es\",\"@id\":\"https:\/\/www.hydro-thermal.com\/es\/#\/schema\/logo\/image\/\",\"url\":\"https:\/\/www.hydro-thermal.com\/wp-content\/uploads\/2024\/07\/6e7ec6d295153d0a77cc65dcbaf7c57e-scaled.jpeg\",\"contentUrl\":\"https:\/\/www.hydro-thermal.com\/wp-content\/uploads\/2024\/07\/6e7ec6d295153d0a77cc65dcbaf7c57e-scaled.jpeg\",\"width\":2560,\"height\":755,\"caption\":\"Hydro-Thermal\"},\"image\":{\"@id\":\"https:\/\/www.hydro-thermal.com\/es\/#\/schema\/logo\/image\/\"},\"sameAs\":[\"https:\/\/www.linkedin.com\/company\/hydro-thermal-corporation\"]}]}<\/script>\n<!-- \/ Yoast SEO Premium plugin. -->","yoast_head_json":{"title":"Calentamiento de agua - Hydro-Thermal","description":"El calentamiento de agua general es fundamental en m\u00faltiples industrias, desde el procesamiento de alimentos y bebidas hasta la producci\u00f3n qu\u00edmica y la fabricaci\u00f3n farmac\u00e9utica. Descubra c\u00f3mo los calentadores de inyecci\u00f3n directa de vapor (DSI) de Hydro-Thermal ofrecen una soluci\u00f3n fiable y rentable.","robots":{"index":"index","follow":"follow","max-snippet":"max-snippet:-1","max-image-preview":"max-image-preview:large","max-video-preview":"max-video-preview:-1"},"canonical":"https:\/\/www.hydro-thermal.com\/es\/procesos\/calentamiento-de-agua\/","og_locale":"es_ES","og_type":"article","og_title":"Calentamiento de agua","og_description":"El calentamiento de agua general es fundamental en m\u00faltiples industrias, desde el procesamiento de alimentos y bebidas hasta la producci\u00f3n qu\u00edmica y la fabricaci\u00f3n farmac\u00e9utica. Descubra c\u00f3mo los calentadores de inyecci\u00f3n directa de vapor (DSI) de Hydro-Thermal ofrecen una soluci\u00f3n fiable y rentable.","og_url":"https:\/\/www.hydro-thermal.com\/es\/procesos\/calentamiento-de-agua\/","og_site_name":"Hydro-Thermal","og_image":[{"width":960,"height":640,"url":"https:\/\/www.hydro-thermal.com\/wp-content\/uploads\/2025\/02\/steam3-teaser.jpg","type":"image\/jpeg"}],"twitter_card":"summary_large_image","schema":{"@context":"https:\/\/schema.org","@graph":[{"@type":"WebPage","@id":"https:\/\/www.hydro-thermal.com\/es\/procesos\/calentamiento-de-agua\/","url":"https:\/\/www.hydro-thermal.com\/es\/procesos\/calentamiento-de-agua\/","name":"Calentamiento de agua - Hydro-Thermal","isPartOf":{"@id":"https:\/\/www.hydro-thermal.com\/es\/#website"},"primaryImageOfPage":{"@id":"https:\/\/www.hydro-thermal.com\/es\/procesos\/calentamiento-de-agua\/#primaryimage"},"image":{"@id":"https:\/\/www.hydro-thermal.com\/es\/procesos\/calentamiento-de-agua\/#primaryimage"},"thumbnailUrl":"https:\/\/www.hydro-thermal.com\/wp-content\/uploads\/2025\/02\/steam3-teaser.jpg","datePublished":"2025-02-04T20:28:13+00:00","description":"El calentamiento de agua general es fundamental en m\u00faltiples industrias, desde el procesamiento de alimentos y bebidas hasta la producci\u00f3n qu\u00edmica y la fabricaci\u00f3n farmac\u00e9utica. Descubra c\u00f3mo los calentadores de inyecci\u00f3n directa de vapor (DSI) de Hydro-Thermal ofrecen una soluci\u00f3n fiable y rentable.","breadcrumb":{"@id":"https:\/\/www.hydro-thermal.com\/es\/procesos\/calentamiento-de-agua\/#breadcrumb"},"inLanguage":"es","potentialAction":[{"@type":"ReadAction","target":["https:\/\/www.hydro-thermal.com\/es\/procesos\/calentamiento-de-agua\/"]}]},{"@type":"ImageObject","inLanguage":"es","@id":"https:\/\/www.hydro-thermal.com\/es\/procesos\/calentamiento-de-agua\/#primaryimage","url":"https:\/\/www.hydro-thermal.com\/wp-content\/uploads\/2025\/02\/steam3-teaser.jpg","contentUrl":"https:\/\/www.hydro-thermal.com\/wp-content\/uploads\/2025\/02\/steam3-teaser.jpg","width":960,"height":640},{"@type":"BreadcrumbList","@id":"https:\/\/www.hydro-thermal.com\/es\/procesos\/calentamiento-de-agua\/#breadcrumb","itemListElement":[{"@type":"ListItem","position":1,"name":"Home","item":"https:\/\/www.hydro-thermal.com\/es\/"},{"@type":"ListItem","position":2,"name":"Procesos","item":"https:\/\/www.hydro-thermal.com\/es\/procesos\/"},{"@type":"ListItem","position":3,"name":"Calentamiento de agua"}]},{"@type":"WebSite","@id":"https:\/\/www.hydro-thermal.com\/es\/#website","url":"https:\/\/www.hydro-thermal.com\/es\/","name":"Hydro-Thermal","description":"","publisher":{"@id":"https:\/\/www.hydro-thermal.com\/es\/#organization"},"potentialAction":[{"@type":"SearchAction","target":{"@type":"EntryPoint","urlTemplate":"https:\/\/www.hydro-thermal.com\/es\/?s={search_term_string}"},"query-input":{"@type":"PropertyValueSpecification","valueRequired":true,"valueName":"search_term_string"}}],"inLanguage":"es"},{"@type":"Organization","@id":"https:\/\/www.hydro-thermal.com\/es\/#organization","name":"Hydro-Thermal","url":"https:\/\/www.hydro-thermal.com\/es\/","logo":{"@type":"ImageObject","inLanguage":"es","@id":"https:\/\/www.hydro-thermal.com\/es\/#\/schema\/logo\/image\/","url":"https:\/\/www.hydro-thermal.com\/wp-content\/uploads\/2024\/07\/6e7ec6d295153d0a77cc65dcbaf7c57e-scaled.jpeg","contentUrl":"https:\/\/www.hydro-thermal.com\/wp-content\/uploads\/2024\/07\/6e7ec6d295153d0a77cc65dcbaf7c57e-scaled.jpeg","width":2560,"height":755,"caption":"Hydro-Thermal"},"image":{"@id":"https:\/\/www.hydro-thermal.com\/es\/#\/schema\/logo\/image\/"},"sameAs":["https:\/\/www.linkedin.com\/company\/hydro-thermal-corporation"]}]}},"jetpack_sharing_enabled":true,"_links":{"self":[{"href":"https:\/\/www.hydro-thermal.com\/es\/wp-json\/wp\/v2\/pages\/4289","targetHints":{"allow":["GET"]}}],"collection":[{"href":"https:\/\/www.hydro-thermal.com\/es\/wp-json\/wp\/v2\/pages"}],"about":[{"href":"https:\/\/www.hydro-thermal.com\/es\/wp-json\/wp\/v2\/types\/page"}],"author":[{"embeddable":true,"href":"https:\/\/www.hydro-thermal.com\/es\/wp-json\/wp\/v2\/users\/1"}],"replies":[{"embeddable":true,"href":"https:\/\/www.hydro-thermal.com\/es\/wp-json\/wp\/v2\/comments?post=4289"}],"version-history":[{"count":0,"href":"https:\/\/www.hydro-thermal.com\/es\/wp-json\/wp\/v2\/pages\/4289\/revisions"}],"up":[{"embeddable":true,"href":"https:\/\/www.hydro-thermal.com\/es\/wp-json\/wp\/v2\/pages\/4280"}],"wp:featuredmedia":[{"embeddable":true,"href":"https:\/\/www.hydro-thermal.com\/es\/wp-json\/wp\/v2\/media\/4240"}],"wp:attachment":[{"href":"https:\/\/www.hydro-thermal.com\/es\/wp-json\/wp\/v2\/media?parent=4289"}],"curies":[{"name":"wp","href":"https:\/\/api.w.org\/{rel}","templated":true}]}}